{"id":119,"date":"2018-04-23T19:04:57","date_gmt":"2018-04-23T19:04:57","guid":{"rendered":"http:\/\/lapaz.com.py\/home\/?page_id=119"},"modified":"2018-04-23T19:17:16","modified_gmt":"2018-04-23T19:17:16","slug":"materia-prima","status":"publish","type":"page","link":"https:\/\/lapaz.com.py\/home\/materia-prima\/","title":{"rendered":"Materia Prima"},"content":{"rendered":"\t\t<div data-elementor-type=\"wp-post\" data-elementor-id=\"119\" class=\"elementor elementor-119 elementor-bc-flex-widget\" data-elementor-settings=\"{&quot;ha_cmc_init_switcher&quot;:&quot;no&quot;}\">\n\t\t\t\t\t\t<section class=\"elementor-section elementor-top-section elementor-element elementor-element-24def642 elementor-section-full_width elementor-section-height-min-height elementor-section-items-stretch elementor-section-content-middle elementor-section-height-default\" data-id=\"24def642\" data-element_type=\"section\" data-settings=\"{&quot;background_background&quot;:&quot;classic&quot;,&quot;_ha_eqh_enable&quot;:false}\">\n\t\t\t\t\t\t\t<div class=\"elementor-background-overlay\"><\/div>\n\t\t\t\t\t\t\t<div class=\"elementor-container elementor-column-gap-default\">\n\t\t\t\t\t<div class=\"elementor-column elementor-col-100 elementor-top-column elementor-element elementor-element-6ca13968\" data-id=\"6ca13968\" data-element_type=\"column\" data-settings=\"{&quot;background_background&quot;:&quot;classic&quot;}\">\n\t\t\t<div class=\"elementor-widget-wrap elementor-element-populated\">\n\t\t\t\t\t\t<section class=\"elementor-section elementor-inner-section elementor-element elementor-element-3338865e elementor-section-full_width elementor-section-height-default elementor-section-height-default\" data-id=\"3338865e\" data-element_type=\"section\" data-settings=\"{&quot;background_background&quot;:&quot;classic&quot;,&quot;_ha_eqh_enable&quot;:false}\">\n\t\t\t\t\t\t<div class=\"elementor-container elementor-column-gap-wide\">\n\t\t\t\t\t<div class=\"elementor-column elementor-col-100 elementor-inner-column elementor-element elementor-element-3ff77e3c\" data-id=\"3ff77e3c\" data-element_type=\"column\" data-settings=\"{&quot;background_background&quot;:&quot;none&quot;}\">\n\t\t\t<div class=\"elementor-widget-wrap elementor-element-populated\">\n\t\t\t\t\t\t<div class=\"elementor-element elementor-element-4cb56023 elementor-widget elementor-widget-icon-box\" data-id=\"4cb56023\" data-element_type=\"widget\" data-widget_type=\"icon-box.default\">\n\t\t\t\t<div class=\"elementor-widget-container\">\n\t\t\t\t\t\t\t<div class=\"elementor-icon-box-wrapper\">\n\n\t\t\t\n\t\t\t\t\t\t<div class=\"elementor-icon-box-content\">\n\n\t\t\t\t\t\t\t\t\t<h2 class=\"elementor-icon-box-title\">\n\t\t\t\t\t\t<span  >\n\t\t\t\t\t\t\tMATERIA PRIMA CON TRAZABILIDAD DESDE EL CAMPO HASTA SU CONSUMO.\t\t\t\t\t\t<\/span>\n\t\t\t\t\t<\/h2>\n\t\t\t\t\n\t\t\t\t\n\t\t\t<\/div>\n\t\t\t\n\t\t<\/div>\n\t\t\t\t\t\t<\/div>\n\t\t\t\t<\/div>\n\t\t\t\t\t<\/div>\n\t\t<\/div>\n\t\t\t\t\t<\/div>\n\t\t<\/section>\n\t\t\t\t\t<\/div>\n\t\t<\/div>\n\t\t\t\t\t<\/div>\n\t\t<\/section>\n\t\t\t\t<section class=\"elementor-section elementor-top-section elementor-element elementor-element-cf2f917 elementor-section-boxed elementor-section-height-default elementor-section-height-default\" data-id=\"cf2f917\" data-element_type=\"section\" data-settings=\"{&quot;_ha_eqh_enable&quot;:false}\">\n\t\t\t\t\t\t<div class=\"elementor-container elementor-column-gap-default\">\n\t\t\t\t\t<div class=\"elementor-column elementor-col-100 elementor-top-column elementor-element elementor-element-01be071\" data-id=\"01be071\" data-element_type=\"column\">\n\t\t\t<div class=\"elementor-widget-wrap elementor-element-populated\">\n\t\t\t\t\t\t<div class=\"elementor-element elementor-element-9775354 elementor-widget elementor-widget-text-editor\" data-id=\"9775354\" data-element_type=\"widget\" data-widget_type=\"text-editor.default\">\n\t\t\t\t<div class=\"elementor-widget-container\">\n\t\t\t\t\t\t\t\t\t<p>El trigo utilizado es cultivado por los socios de la Cooperativa, posibilitando una trazabilidad desde la preparaci\u00f3n de suelos, calidades varietales, cuidados culturales, cosecha y conservaci\u00f3n.\u00a0<\/p><p>Anualmente se dispone de 25.000 toneladas de trigo de excelente calidad que son clasificados para los distintos usos de los consumidores panaderos, confiteros y fideeros, siendo la conservaci\u00f3n del grano por un a\u00f1o mediante t\u00e9cnicas avanzadas de enfriamiento lo que garantiza una calidad de harina constante durante la molienda anual.<\/p><p>Todas las harinas son enriquecidas con hierro y vitaminas seg\u00fan la Ley de vitaminizacion y Resoluci\u00f3n N\u00ba 27\/2002 MSP y BS. y aditivada de acuerdo a la exigencia del mercado.<\/p><ul><li>Harina de Trigo. tipo 00, 000, 0000, leudante, enriquecidas con hierro y vitaminas.<\/li><li>Harina Integral.<\/li><li>Semolin, Salvado, Germen y Afrecho.<\/li><\/ul>\t\t\t\t\t\t\t\t<\/div>\n\t\t\t\t<\/div>\n\t\t\t\t\t<\/div>\n\t\t<\/div>\n\t\t\t\t\t<\/div>\n\t\t<\/section>\n\t\t\t\t<\/div>\n\t\t","protected":false},"excerpt":{"rendered":"<p>MATERIA PRIMA CON TRAZABILIDAD DESDE EL CAMPO HASTA SU CONSUMO. El trigo utilizado es cultivado por los socios de la Cooperativa, posibilitando una trazabilidad desde la preparaci\u00f3n de suelos, calidades varietales, cuidados culturales, cosecha y conservaci\u00f3n.\u00a0 Anualmente se dispone de 25.000 toneladas de trigo de excelente calidad que son clasificados para los distintos usos de&hellip;<\/p>\n","protected":false},"author":1,"featured_media":0,"parent":0,"menu_order":0,"comment_status":"closed","ping_status":"closed","template":"","meta":{"footnotes":""},"class_list":["post-119","page","type-page","status-publish","hentry"],"_links":{"self":[{"href":"https:\/\/lapaz.com.py\/home\/wp-json\/wp\/v2\/pages\/119","targetHints":{"allow":["GET"]}}],"collection":[{"href":"https:\/\/lapaz.com.py\/home\/wp-json\/wp\/v2\/pages"}],"about":[{"href":"https:\/\/lapaz.com.py\/home\/wp-json\/wp\/v2\/types\/page"}],"author":[{"embeddable":true,"href":"https:\/\/lapaz.com.py\/home\/wp-json\/wp\/v2\/users\/1"}],"replies":[{"embeddable":true,"href":"https:\/\/lapaz.com.py\/home\/wp-json\/wp\/v2\/comments?post=119"}],"version-history":[{"count":2,"href":"https:\/\/lapaz.com.py\/home\/wp-json\/wp\/v2\/pages\/119\/revisions"}],"predecessor-version":[{"id":123,"href":"https:\/\/lapaz.com.py\/home\/wp-json\/wp\/v2\/pages\/119\/revisions\/123"}],"wp:attachment":[{"href":"https:\/\/lapaz.com.py\/home\/wp-json\/wp\/v2\/media?parent=119"}],"curies":[{"name":"wp","href":"https:\/\/api.w.org\/{rel}","templated":true}]}}