{"id":58,"date":"2018-04-19T20:46:10","date_gmt":"2018-04-19T20:46:10","guid":{"rendered":"http:\/\/lapaz.com.py\/home\/index.php\/productos\/"},"modified":"2018-04-20T12:51:20","modified_gmt":"2018-04-20T12:51:20","slug":"productos","status":"publish","type":"page","link":"https:\/\/lapaz.com.py\/home\/productos\/","title":{"rendered":"Productos"},"content":{"rendered":"\t\t<div data-elementor-type=\"wp-page\" data-elementor-id=\"58\" class=\"elementor elementor-58 elementor-bc-flex-widget\" data-elementor-settings=\"{&quot;ha_cmc_init_switcher&quot;:&quot;no&quot;}\">\n\t\t\t\t\t\t<section class=\"elementor-section elementor-top-section elementor-element elementor-element-60d27df elementor-section-boxed elementor-section-height-default elementor-section-height-default\" data-id=\"60d27df\" data-element_type=\"section\" data-settings=\"{&quot;_ha_eqh_enable&quot;:false}\">\n\t\t\t\t\t\t<div class=\"elementor-container elementor-column-gap-default\">\n\t\t\t\t\t<div class=\"elementor-column elementor-col-100 elementor-top-column elementor-element elementor-element-885a1c4\" data-id=\"885a1c4\" data-element_type=\"column\">\n\t\t\t<div class=\"elementor-widget-wrap elementor-element-populated\">\n\t\t\t\t\t\t<div class=\"elementor-element elementor-element-a8c0ec5 elementor-widget elementor-widget-heading\" data-id=\"a8c0ec5\" data-element_type=\"widget\" data-widget_type=\"heading.default\">\n\t\t\t\t<div class=\"elementor-widget-container\">\n\t\t\t\t\t<h2 class=\"elementor-heading-title elementor-size-default\">HARINAS DE TRIGO<\/h2>\t\t\t\t<\/div>\n\t\t\t\t<\/div>\n\t\t\t\t\t<\/div>\n\t\t<\/div>\n\t\t\t\t\t<\/div>\n\t\t<\/section>\n\t\t\t\t<section class=\"elementor-section elementor-top-section elementor-element elementor-element-f9be1dc elementor-section-boxed elementor-section-height-default elementor-section-height-default\" data-id=\"f9be1dc\" data-element_type=\"section\" data-settings=\"{&quot;_ha_eqh_enable&quot;:false}\">\n\t\t\t\t\t\t<div class=\"elementor-container elementor-column-gap-default\">\n\t\t\t\t\t<div class=\"elementor-column elementor-col-33 elementor-top-column elementor-element elementor-element-3899166\" data-id=\"3899166\" data-element_type=\"column\">\n\t\t\t<div class=\"elementor-widget-wrap elementor-element-populated\">\n\t\t\t\t\t\t<div class=\"elementor-element elementor-element-6dd2b35 elementor-widget elementor-widget-heading\" data-id=\"6dd2b35\" data-element_type=\"widget\" data-widget_type=\"heading.default\">\n\t\t\t\t<div class=\"elementor-widget-container\">\n\t\t\t\t\t<h5 class=\"elementor-heading-title elementor-size-default\">TIPO 0000<\/h5>\t\t\t\t<\/div>\n\t\t\t\t<\/div>\n\t\t\t\t<div class=\"elementor-element elementor-element-707a2ea elementor-widget elementor-widget-image\" data-id=\"707a2ea\" data-element_type=\"widget\" data-widget_type=\"image.default\">\n\t\t\t\t<div class=\"elementor-widget-container\">\n\t\t\t\t\t\t\t\t\t\t\t\t\t\t\t<img fetchpriority=\"high\" decoding=\"async\" width=\"350\" height=\"240\" src=\"https:\/\/lapaz.com.py\/home\/wp-content\/uploads\/2018\/04\/harinalapaztipo0000.png\" class=\"attachment-large size-large wp-image-75\" alt=\"\" srcset=\"https:\/\/lapaz.com.py\/home\/wp-content\/uploads\/2018\/04\/harinalapaztipo0000.png 350w, https:\/\/lapaz.com.py\/home\/wp-content\/uploads\/2018\/04\/harinalapaztipo0000-300x206.png 300w\" sizes=\"(max-width: 350px) 100vw, 350px\" \/>\t\t\t\t\t\t\t\t\t\t\t\t\t\t\t<\/div>\n\t\t\t\t<\/div>\n\t\t\t\t<div class=\"elementor-element elementor-element-2671cf2 font-size: 10px; elementor-widget elementor-widget-text-editor\" data-id=\"2671cf2\" data-element_type=\"widget\" data-widget_type=\"text-editor.default\">\n\t\t\t\t<div class=\"elementor-widget-container\">\n\t\t\t\t\t\t\t\t\t<font style: size= \"2\">Es una harina especial obtenida del centro del grano de trigo, es mas refinada y se distingue por su coloraci\u00f3n mas blanca. Recomendado tanto para el uso domestico como industrial.<\/font>\t\t\t\t\t\t\t\t<\/div>\n\t\t\t\t<\/div>\n\t\t\t\t\t<\/div>\n\t\t<\/div>\n\t\t\t\t<div class=\"elementor-column elementor-col-33 elementor-top-column elementor-element elementor-element-c2ad69e\" data-id=\"c2ad69e\" data-element_type=\"column\">\n\t\t\t<div class=\"elementor-widget-wrap elementor-element-populated\">\n\t\t\t\t\t\t<div class=\"elementor-element elementor-element-30d75d2 elementor-widget elementor-widget-heading\" data-id=\"30d75d2\" data-element_type=\"widget\" data-widget_type=\"heading.default\">\n\t\t\t\t<div class=\"elementor-widget-container\">\n\t\t\t\t\t<h5 class=\"elementor-heading-title elementor-size-default\">TIPO 000<\/h5>\t\t\t\t<\/div>\n\t\t\t\t<\/div>\n\t\t\t\t<div class=\"elementor-element elementor-element-ddd53ba elementor-widget elementor-widget-image\" data-id=\"ddd53ba\" data-element_type=\"widget\" data-widget_type=\"image.default\">\n\t\t\t\t<div class=\"elementor-widget-container\">\n\t\t\t\t\t\t\t\t\t\t\t\t\t\t\t<img decoding=\"async\" width=\"350\" height=\"240\" src=\"https:\/\/lapaz.com.py\/home\/wp-content\/uploads\/2018\/04\/harinalapaztipo000.png\" class=\"attachment-large size-large wp-image-76\" alt=\"\" srcset=\"https:\/\/lapaz.com.py\/home\/wp-content\/uploads\/2018\/04\/harinalapaztipo000.png 350w, https:\/\/lapaz.com.py\/home\/wp-content\/uploads\/2018\/04\/harinalapaztipo000-300x206.png 300w\" sizes=\"(max-width: 350px) 100vw, 350px\" \/>\t\t\t\t\t\t\t\t\t\t\t\t\t\t\t<\/div>\n\t\t\t\t<\/div>\n\t\t\t\t<div class=\"elementor-element elementor-element-670271c font-size: 10px; elementor-widget elementor-widget-text-editor\" data-id=\"670271c\" data-element_type=\"widget\" data-widget_type=\"text-editor.default\">\n\t\t\t\t<div class=\"elementor-widget-container\">\n\t\t\t\t\t\t\t\t\t<font style: size= \"2\">Es una harina que confiere una buena elasticidad de la masa y as\u00ed, una buena calidad organol\u00e9ptica del producto final obtenido, mejorando la miga y la coloraci\u00f3n de la corteza.<\/font>\t\t\t\t\t\t\t\t<\/div>\n\t\t\t\t<\/div>\n\t\t\t\t\t<\/div>\n\t\t<\/div>\n\t\t\t\t<div class=\"elementor-column elementor-col-33 elementor-top-column elementor-element elementor-element-d6621e8\" data-id=\"d6621e8\" data-element_type=\"column\">\n\t\t\t<div class=\"elementor-widget-wrap elementor-element-populated\">\n\t\t\t\t\t\t<div class=\"elementor-element elementor-element-51fb3b8 elementor-widget elementor-widget-heading\" data-id=\"51fb3b8\" data-element_type=\"widget\" data-widget_type=\"heading.default\">\n\t\t\t\t<div class=\"elementor-widget-container\">\n\t\t\t\t\t<h5 class=\"elementor-heading-title elementor-size-default\">LEUDANTE<\/h5>\t\t\t\t<\/div>\n\t\t\t\t<\/div>\n\t\t\t\t<div class=\"elementor-element elementor-element-f495b99 elementor-widget elementor-widget-image\" data-id=\"f495b99\" data-element_type=\"widget\" data-widget_type=\"image.default\">\n\t\t\t\t<div class=\"elementor-widget-container\">\n\t\t\t\t\t\t\t\t\t\t\t\t\t\t\t<img decoding=\"async\" width=\"350\" height=\"240\" src=\"https:\/\/lapaz.com.py\/home\/wp-content\/uploads\/2018\/04\/harinalapazleudante.png\" class=\"attachment-large size-large wp-image-77\" alt=\"\" srcset=\"https:\/\/lapaz.com.py\/home\/wp-content\/uploads\/2018\/04\/harinalapazleudante.png 350w, https:\/\/lapaz.com.py\/home\/wp-content\/uploads\/2018\/04\/harinalapazleudante-300x206.png 300w\" sizes=\"(max-width: 350px) 100vw, 350px\" \/>\t\t\t\t\t\t\t\t\t\t\t\t\t\t\t<\/div>\n\t\t\t\t<\/div>\n\t\t\t\t<div class=\"elementor-element elementor-element-a6a3401 font-size: 10px; elementor-widget elementor-widget-text-editor\" data-id=\"a6a3401\" data-element_type=\"widget\" data-widget_type=\"text-editor.default\">\n\t\t\t\t<div class=\"elementor-widget-container\">\n\t\t\t\t\t\t\t\t\t<font style: size=\"2\">Es una harina de trigo tipo 0000, al que se le agrega un agente leudante compuesto de doble acci\u00f3n, un agente act\u00faa a baja temperatura y el otro a una temperatura mayor.<\/font>\t\t\t\t\t\t\t\t<\/div>\n\t\t\t\t<\/div>\n\t\t\t\t\t<\/div>\n\t\t<\/div>\n\t\t\t\t\t<\/div>\n\t\t<\/section>\n\t\t\t\t<section class=\"elementor-section elementor-top-section elementor-element elementor-element-d511013 elementor-section-boxed elementor-section-height-default elementor-section-height-default\" data-id=\"d511013\" data-element_type=\"section\" data-settings=\"{&quot;_ha_eqh_enable&quot;:false}\">\n\t\t\t\t\t\t<div class=\"elementor-container elementor-column-gap-default\">\n\t\t\t\t\t<div class=\"elementor-column elementor-col-100 elementor-top-column elementor-element elementor-element-75cab32\" data-id=\"75cab32\" data-element_type=\"column\">\n\t\t\t<div class=\"elementor-widget-wrap elementor-element-populated\">\n\t\t\t\t\t\t<div class=\"elementor-element elementor-element-9cc4d47 elementor-widget elementor-widget-spacer\" data-id=\"9cc4d47\" data-element_type=\"widget\" data-widget_type=\"spacer.default\">\n\t\t\t\t<div class=\"elementor-widget-container\">\n\t\t\t\t\t\t\t<div class=\"elementor-spacer\">\n\t\t\t<div class=\"elementor-spacer-inner\"><\/div>\n\t\t<\/div>\n\t\t\t\t\t\t<\/div>\n\t\t\t\t<\/div>\n\t\t\t\t\t<\/div>\n\t\t<\/div>\n\t\t\t\t\t<\/div>\n\t\t<\/section>\n\t\t\t\t<section class=\"elementor-section elementor-top-section elementor-element elementor-element-d10d071 elementor-section-boxed elementor-section-height-default elementor-section-height-default\" data-id=\"d10d071\" data-element_type=\"section\" data-settings=\"{&quot;_ha_eqh_enable&quot;:false}\">\n\t\t\t\t\t\t<div class=\"elementor-container elementor-column-gap-default\">\n\t\t\t\t\t<div class=\"elementor-column elementor-col-100 elementor-top-column elementor-element elementor-element-b412eb3\" data-id=\"b412eb3\" data-element_type=\"column\">\n\t\t\t<div class=\"elementor-widget-wrap elementor-element-populated\">\n\t\t\t\t\t\t<div class=\"elementor-element elementor-element-10b0e25 elementor-widget elementor-widget-heading\" data-id=\"10b0e25\" data-element_type=\"widget\" data-widget_type=\"heading.default\">\n\t\t\t\t<div class=\"elementor-widget-container\">\n\t\t\t\t\t<h2 class=\"elementor-heading-title elementor-size-default\">ALIMENTOS BALANCEADOS<\/h2>\t\t\t\t<\/div>\n\t\t\t\t<\/div>\n\t\t\t\t\t<\/div>\n\t\t<\/div>\n\t\t\t\t\t<\/div>\n\t\t<\/section>\n\t\t\t\t<section class=\"elementor-section elementor-top-section elementor-element elementor-element-c7c97e9 elementor-section-boxed elementor-section-height-default elementor-section-height-default\" data-id=\"c7c97e9\" data-element_type=\"section\" data-settings=\"{&quot;_ha_eqh_enable&quot;:false}\">\n\t\t\t\t\t\t<div class=\"elementor-container elementor-column-gap-default\">\n\t\t\t\t\t<div class=\"elementor-column elementor-col-33 elementor-top-column elementor-element elementor-element-1582411\" data-id=\"1582411\" data-element_type=\"column\">\n\t\t\t<div class=\"elementor-widget-wrap elementor-element-populated\">\n\t\t\t\t\t\t<div class=\"elementor-element elementor-element-7d90b87 elementor-widget elementor-widget-heading\" data-id=\"7d90b87\" data-element_type=\"widget\" data-widget_type=\"heading.default\">\n\t\t\t\t<div class=\"elementor-widget-container\">\n\t\t\t\t\t<h5 class=\"elementor-heading-title elementor-size-default\">BOVINOS<\/h5>\t\t\t\t<\/div>\n\t\t\t\t<\/div>\n\t\t\t\t<div class=\"elementor-element elementor-element-2f2ba31 elementor-widget elementor-widget-image\" data-id=\"2f2ba31\" data-element_type=\"widget\" data-widget_type=\"image.default\">\n\t\t\t\t<div class=\"elementor-widget-container\">\n\t\t\t\t\t\t\t\t\t\t\t\t\t\t\t<img loading=\"lazy\" decoding=\"async\" width=\"350\" height=\"240\" src=\"https:\/\/lapaz.com.py\/home\/wp-content\/uploads\/2018\/04\/balanceadobovinos.png\" class=\"attachment-large size-large wp-image-78\" alt=\"\" srcset=\"https:\/\/lapaz.com.py\/home\/wp-content\/uploads\/2018\/04\/balanceadobovinos.png 350w, https:\/\/lapaz.com.py\/home\/wp-content\/uploads\/2018\/04\/balanceadobovinos-300x206.png 300w\" sizes=\"(max-width: 350px) 100vw, 350px\" \/>\t\t\t\t\t\t\t\t\t\t\t\t\t\t\t<\/div>\n\t\t\t\t<\/div>\n\t\t\t\t\t<\/div>\n\t\t<\/div>\n\t\t\t\t<div class=\"elementor-column elementor-col-33 elementor-top-column elementor-element elementor-element-e9df171\" data-id=\"e9df171\" data-element_type=\"column\">\n\t\t\t<div class=\"elementor-widget-wrap elementor-element-populated\">\n\t\t\t\t\t\t<div class=\"elementor-element elementor-element-a2f84df elementor-widget elementor-widget-heading\" data-id=\"a2f84df\" data-element_type=\"widget\" data-widget_type=\"heading.default\">\n\t\t\t\t<div class=\"elementor-widget-container\">\n\t\t\t\t\t<h5 class=\"elementor-heading-title elementor-size-default\">AVES<\/h5>\t\t\t\t<\/div>\n\t\t\t\t<\/div>\n\t\t\t\t<div class=\"elementor-element elementor-element-38958f9 elementor-widget elementor-widget-image\" data-id=\"38958f9\" data-element_type=\"widget\" data-widget_type=\"image.default\">\n\t\t\t\t<div class=\"elementor-widget-container\">\n\t\t\t\t\t\t\t\t\t\t\t\t\t\t\t<img loading=\"lazy\" decoding=\"async\" width=\"350\" height=\"240\" src=\"https:\/\/lapaz.com.py\/home\/wp-content\/uploads\/2018\/04\/balanceadoaves.png\" class=\"attachment-large size-large wp-image-79\" alt=\"\" srcset=\"https:\/\/lapaz.com.py\/home\/wp-content\/uploads\/2018\/04\/balanceadoaves.png 350w, https:\/\/lapaz.com.py\/home\/wp-content\/uploads\/2018\/04\/balanceadoaves-300x206.png 300w\" sizes=\"(max-width: 350px) 100vw, 350px\" \/>\t\t\t\t\t\t\t\t\t\t\t\t\t\t\t<\/div>\n\t\t\t\t<\/div>\n\t\t\t\t\t<\/div>\n\t\t<\/div>\n\t\t\t\t<div class=\"elementor-column elementor-col-33 elementor-top-column elementor-element elementor-element-fd2083b\" data-id=\"fd2083b\" data-element_type=\"column\">\n\t\t\t<div class=\"elementor-widget-wrap elementor-element-populated\">\n\t\t\t\t\t\t<div class=\"elementor-element elementor-element-35946f7 elementor-widget elementor-widget-heading\" data-id=\"35946f7\" data-element_type=\"widget\" data-widget_type=\"heading.default\">\n\t\t\t\t<div class=\"elementor-widget-container\">\n\t\t\t\t\t<h5 class=\"elementor-heading-title elementor-size-default\">PORCINOS<\/h5>\t\t\t\t<\/div>\n\t\t\t\t<\/div>\n\t\t\t\t<div class=\"elementor-element elementor-element-b63525a elementor-widget elementor-widget-image\" data-id=\"b63525a\" data-element_type=\"widget\" data-widget_type=\"image.default\">\n\t\t\t\t<div class=\"elementor-widget-container\">\n\t\t\t\t\t\t\t\t\t\t\t\t\t\t\t<img loading=\"lazy\" decoding=\"async\" width=\"350\" height=\"240\" src=\"https:\/\/lapaz.com.py\/home\/wp-content\/uploads\/2018\/04\/balanceadoporcino.png\" class=\"attachment-large size-large wp-image-80\" alt=\"\" srcset=\"https:\/\/lapaz.com.py\/home\/wp-content\/uploads\/2018\/04\/balanceadoporcino.png 350w, https:\/\/lapaz.com.py\/home\/wp-content\/uploads\/2018\/04\/balanceadoporcino-300x206.png 300w\" sizes=\"(max-width: 350px) 100vw, 350px\" \/>\t\t\t\t\t\t\t\t\t\t\t\t\t\t\t<\/div>\n\t\t\t\t<\/div>\n\t\t\t\t\t<\/div>\n\t\t<\/div>\n\t\t\t\t\t<\/div>\n\t\t<\/section>\n\t\t\t\t<\/div>\n\t\t","protected":false},"excerpt":{"rendered":"<p>HARINAS DE TRIGO TIPO 0000 Es una harina especial obtenida del centro del grano de trigo, es mas refinada y se distingue por su coloraci\u00f3n mas blanca. Recomendado tanto para el uso domestico como industrial. TIPO 000 Es una harina que confiere una buena elasticidad de la masa y as\u00ed, una buena calidad organol\u00e9ptica del&hellip;<\/p>\n","protected":false},"author":1,"featured_media":0,"parent":0,"menu_order":0,"comment_status":"closed","ping_status":"closed","template":"","meta":{"footnotes":""},"class_list":["post-58","page","type-page","status-publish","hentry"],"_links":{"self":[{"href":"https:\/\/lapaz.com.py\/home\/wp-json\/wp\/v2\/pages\/58","targetHints":{"allow":["GET"]}}],"collection":[{"href":"https:\/\/lapaz.com.py\/home\/wp-json\/wp\/v2\/pages"}],"about":[{"href":"https:\/\/lapaz.com.py\/home\/wp-json\/wp\/v2\/types\/page"}],"author":[{"embeddable":true,"href":"https:\/\/lapaz.com.py\/home\/wp-json\/wp\/v2\/users\/1"}],"replies":[{"embeddable":true,"href":"https:\/\/lapaz.com.py\/home\/wp-json\/wp\/v2\/comments?post=58"}],"version-history":[{"count":2,"href":"https:\/\/lapaz.com.py\/home\/wp-json\/wp\/v2\/pages\/58\/revisions"}],"predecessor-version":[{"id":81,"href":"https:\/\/lapaz.com.py\/home\/wp-json\/wp\/v2\/pages\/58\/revisions\/81"}],"wp:attachment":[{"href":"https:\/\/lapaz.com.py\/home\/wp-json\/wp\/v2\/media?parent=58"}],"curies":[{"name":"wp","href":"https:\/\/api.w.org\/{rel}","templated":true}]}}