{"id":83,"date":"2018-04-20T13:29:18","date_gmt":"2018-04-20T13:29:18","guid":{"rendered":"http:\/\/lapaz.com.py\/home\/?page_id=83"},"modified":"2021-03-24T14:26:27","modified_gmt":"2021-03-24T14:26:27","slug":"contactenos","status":"publish","type":"page","link":"https:\/\/lapaz.com.py\/home\/contactenos\/","title":{"rendered":"Ubicaci\u00f3n"},"content":{"rendered":"\t\t<div data-elementor-type=\"wp-post\" data-elementor-id=\"83\" class=\"elementor elementor-83\" data-elementor-settings=\"{&quot;ha_cmc_init_switcher&quot;:&quot;no&quot;}\">\n\t\t\t\t\t\t<section class=\"elementor-section elementor-top-section elementor-element elementor-element-22b98b7 elementor-section-boxed elementor-section-height-default elementor-section-height-default\" data-id=\"22b98b7\" data-element_type=\"section\" data-settings=\"{&quot;_ha_eqh_enable&quot;:false}\">\n\t\t\t\t\t\t<div class=\"elementor-container elementor-column-gap-default\">\n\t\t\t\t\t<div class=\"elementor-column elementor-col-33 elementor-top-column elementor-element elementor-element-144778b\" data-id=\"144778b\" data-element_type=\"column\">\n\t\t\t<div class=\"elementor-widget-wrap elementor-element-populated\">\n\t\t\t\t\t\t<div class=\"elementor-element elementor-element-09723f1 elementor-widget elementor-widget-heading\" data-id=\"09723f1\" data-element_type=\"widget\" data-widget_type=\"heading.default\">\n\t\t\t\t<div class=\"elementor-widget-container\">\n\t\t\t\t\t<h2 class=\"elementor-heading-title elementor-size-default\">Cooperativa\nLa Paz<\/h2>\t\t\t\t<\/div>\n\t\t\t\t<\/div>\n\t\t\t\t<div class=\"elementor-element elementor-element-45e57ae elementor-widget elementor-widget-text-editor\" data-id=\"45e57ae\" data-element_type=\"widget\" data-widget_type=\"text-editor.default\">\n\t\t\t\t<div class=\"elementor-widget-container\">\n\t\t\t\t\t\t\t\t\t<p><span style=\"color: #39b54a; font-size: medium;\">Direcci\u00f3n:<\/span> Ruta Graneros del Sur Km 37, Dpto. de Itap\u00faa &#8211; Paraguay<\/p><p><span style=\"color: #39b54a; font-size: medium;\">Tel\u00e9fono:<\/span> 0985-703280 | 0763 20100<\/p><p><span style=\"color: #39b54a; font-size: medium;\">E-mail:<\/span> coop.lapaz@lapaz.coop.py<\/p>\t\t\t\t\t\t\t\t<\/div>\n\t\t\t\t<\/div>\n\t\t\t\t\t<\/div>\n\t\t<\/div>\n\t\t\t\t<div class=\"elementor-column elementor-col-66 elementor-top-column elementor-element elementor-element-a1c0d4a\" data-id=\"a1c0d4a\" data-element_type=\"column\">\n\t\t\t<div class=\"elementor-widget-wrap elementor-element-populated\">\n\t\t\t\t\t\t<div class=\"elementor-element elementor-element-08cea00 elementor-widget elementor-widget-text-editor\" data-id=\"08cea00\" data-element_type=\"widget\" data-widget_type=\"text-editor.default\">\n\t\t\t\t<div class=\"elementor-widget-container\">\n\t\t\t\t\t\t\t\t\t<iframe src=\"https:\/\/www.google.com\/maps\/embed?pb=!1m14!1m8!1m3!1d1532.250181680439!2d-55.89369433175492!3d-26.99251497281987!3m2!1i1024!2i768!4f13.1!3m3!1m2!1s0x0%3A0x32ec800c47d7d770!2sCooperativa+La+Paz!5e1!3m2!1ses-419!2spy!4v1524231409873\" width=\"600\" height=\"450\" frameborder=\"0\" style=\"border:0\" allowfullscreen><\/iframe>\t\t\t\t\t\t\t\t<\/div>\n\t\t\t\t<\/div>\n\t\t\t\t\t<\/div>\n\t\t<\/div>\n\t\t\t\t\t<\/div>\n\t\t<\/section>\n\t\t\t\t<\/div>\n\t\t","protected":false},"excerpt":{"rendered":"<p>Cooperativa La Paz Direcci\u00f3n: Ruta Graneros del Sur Km 37, Dpto. de Itap\u00faa &#8211; Paraguay Tel\u00e9fono: 0985-703280 | 0763 20100 E-mail: coop.lapaz@lapaz.coop.py<\/p>\n","protected":false},"author":1,"featured_media":0,"parent":0,"menu_order":0,"comment_status":"closed","ping_status":"closed","template":"","meta":{"footnotes":""},"class_list":["post-83","page","type-page","status-publish","hentry"],"_links":{"self":[{"href":"https:\/\/lapaz.com.py\/home\/wp-json\/wp\/v2\/pages\/83","targetHints":{"allow":["GET"]}}],"collection":[{"href":"https:\/\/lapaz.com.py\/home\/wp-json\/wp\/v2\/pages"}],"about":[{"href":"https:\/\/lapaz.com.py\/home\/wp-json\/wp\/v2\/types\/page"}],"author":[{"embeddable":true,"href":"https:\/\/lapaz.com.py\/home\/wp-json\/wp\/v2\/users\/1"}],"replies":[{"embeddable":true,"href":"https:\/\/lapaz.com.py\/home\/wp-json\/wp\/v2\/comments?post=83"}],"version-history":[{"count":10,"href":"https:\/\/lapaz.com.py\/home\/wp-json\/wp\/v2\/pages\/83\/revisions"}],"predecessor-version":[{"id":210,"href":"https:\/\/lapaz.com.py\/home\/wp-json\/wp\/v2\/pages\/83\/revisions\/210"}],"wp:attachment":[{"href":"https:\/\/lapaz.com.py\/home\/wp-json\/wp\/v2\/media?parent=83"}],"curies":[{"name":"wp","href":"https:\/\/api.w.org\/{rel}","templated":true}]}}